{"id":5095,"date":"2025-10-09T08:45:31","date_gmt":"2025-10-09T06:45:31","guid":{"rendered":"https:\/\/www.portofpitea.se\/?page_id=5095"},"modified":"2025-10-09T08:45:31","modified_gmt":"2025-10-09T06:45:31","slug":"the-operations-team-through-the-camera-lens","status":"publish","type":"page","link":"https:\/\/www.portofpitea.se\/en\/about\/news\/the-operations-team-through-the-camera-lens\/","title":{"rendered":"The Operations team through the camera lens"},"content":{"rendered":"<p><img decoding=\"async\" class=\"alignnone size-large wp-image-5083\" src=\"https:\/\/www.portofpitea.se\/wp-content\/uploads\/2025\/10\/port-of-pitea-60-760x507.jpg\" alt=\"Svartvit bild i motljus d\u00e4r tv\u00e5 m\u00e4n arbetar ombord p\u00e5 ett fartyg med att lossa en slang. Ljuset skapar en dramatisk och st\u00e4mningsfull k\u00e4nsla.\" width=\"760\" height=\"507\" srcset=\"https:\/\/www.portofpitea.se\/wp-content\/uploads\/2025\/10\/port-of-pitea-60-760x507.jpg 760w, https:\/\/www.portofpitea.se\/wp-content\/uploads\/2025\/10\/port-of-pitea-60-350x233.jpg 350w, https:\/\/www.portofpitea.se\/wp-content\/uploads\/2025\/10\/port-of-pitea-60-768x512.jpg 768w, https:\/\/www.portofpitea.se\/wp-content\/uploads\/2025\/10\/port-of-pitea-60-1536x1024.jpg 1536w, https:\/\/www.portofpitea.se\/wp-content\/uploads\/2025\/10\/port-of-pitea-60.jpg 2048w\" sizes=\"(max-width: 760px) 100vw, 760px\" \/><\/p>\n<h2>An afternoon with the Operations Crew<\/h2>\n<p><strong>There\u2019s a buzz of activity in the port when the operations department is at work. A close-knit team ensures that everything runs smoothly \u2014 from infrastructure maintenance to vessel services and safety inspections.<\/strong><\/p>\n<p data-start=\"314\" data-end=\"680\">One of the team\u2019s most extensive areas of responsibility is the Energy Port. When ships unload and load liquid products, it\u2019s the operations crew who make sure that the control stations and safety checks are manned and that the work proceeds safely and efficiently. They are present throughout many of the steps and form an essential part of the port\u2019s operations.<\/p>\n<p data-start=\"682\" data-end=\"899\" data-is-last-node=\"\" data-is-only-node=\"\">One afternoon, photographer Jens \u00d6kvist joined parts of the team to document their work. Through his photos, we get a glimpse into a daily life that rarely meets the public eye but is crucial to the port\u2019s activities.<\/p>\n<p data-start=\"682\" data-end=\"899\" data-is-last-node=\"\" data-is-only-node=\"\"><img decoding=\"async\" class=\"alignnone size-large wp-image-5081\" src=\"https:\/\/www.portofpitea.se\/wp-content\/uploads\/2025\/10\/port-of-pitea-55-760x507.jpg\" alt=\"Svartvit n\u00e4rbild p\u00e5 en man i varselkl\u00e4der och hj\u00e4lm som man\u00f6vrerar en kran. Hans blick \u00e4r koncentrerad och visar fullt fokus p\u00e5 arbetet.\" width=\"760\" height=\"507\" srcset=\"https:\/\/www.portofpitea.se\/wp-content\/uploads\/2025\/10\/port-of-pitea-55-760x507.jpg 760w, https:\/\/www.portofpitea.se\/wp-content\/uploads\/2025\/10\/port-of-pitea-55-350x233.jpg 350w, https:\/\/www.portofpitea.se\/wp-content\/uploads\/2025\/10\/port-of-pitea-55-768x512.jpg 768w, https:\/\/www.portofpitea.se\/wp-content\/uploads\/2025\/10\/port-of-pitea-55-1536x1024.jpg 1536w, https:\/\/www.portofpitea.se\/wp-content\/uploads\/2025\/10\/port-of-pitea-55.jpg 2048w\" sizes=\"(max-width: 760px) 100vw, 760px\" \/><\/p>\n<p data-start=\"682\" data-end=\"899\" data-is-last-node=\"\" data-is-only-node=\"\"><img decoding=\"async\" class=\"alignnone size-large wp-image-5073\" src=\"https:\/\/www.portofpitea.se\/wp-content\/uploads\/2025\/10\/port-of-pitea-39-760x507.jpg\" alt=\"Svartvit bild tagen uppifr\u00e5n. En man i varselkl\u00e4der man\u00f6vrerar en kran; kranen \u00e4r i tydlig fokus medan omgivningen \u00e4r mindre framtr\u00e4dande.\" width=\"760\" height=\"507\" srcset=\"https:\/\/www.portofpitea.se\/wp-content\/uploads\/2025\/10\/port-of-pitea-39-760x507.jpg 760w, https:\/\/www.portofpitea.se\/wp-content\/uploads\/2025\/10\/port-of-pitea-39-350x233.jpg 350w, https:\/\/www.portofpitea.se\/wp-content\/uploads\/2025\/10\/port-of-pitea-39-768x512.jpg 768w, https:\/\/www.portofpitea.se\/wp-content\/uploads\/2025\/10\/port-of-pitea-39-1536x1024.jpg 1536w, https:\/\/www.portofpitea.se\/wp-content\/uploads\/2025\/10\/port-of-pitea-39.jpg 2048w\" sizes=\"(max-width: 760px) 100vw, 760px\" \/><\/p>\n<p data-start=\"682\" data-end=\"899\" data-is-last-node=\"\" data-is-only-node=\"\"><img decoding=\"async\" class=\"alignnone size-large wp-image-5085\" src=\"https:\/\/www.portofpitea.se\/wp-content\/uploads\/2025\/10\/port-of-pitea-64-760x507.jpg\" alt=\"Svartvit bild d\u00e4r en man agerar b\u00e5tsman och lossar trossen fr\u00e5n fartyget. Kajen \u00e4r i fokus och detaljerna framtr\u00e4der tydligt i f\u00f6rgrunden.\" width=\"760\" height=\"507\" srcset=\"https:\/\/www.portofpitea.se\/wp-content\/uploads\/2025\/10\/port-of-pitea-64-760x507.jpg 760w, https:\/\/www.portofpitea.se\/wp-content\/uploads\/2025\/10\/port-of-pitea-64-350x233.jpg 350w, https:\/\/www.portofpitea.se\/wp-content\/uploads\/2025\/10\/port-of-pitea-64-768x512.jpg 768w, https:\/\/www.portofpitea.se\/wp-content\/uploads\/2025\/10\/port-of-pitea-64-1536x1024.jpg 1536w, https:\/\/www.portofpitea.se\/wp-content\/uploads\/2025\/10\/port-of-pitea-64.jpg 2048w\" sizes=\"(max-width: 760px) 100vw, 760px\" \/><\/p>\n<p data-start=\"682\" data-end=\"899\" data-is-last-node=\"\" data-is-only-node=\"\">\n<p data-start=\"682\" data-end=\"899\" data-is-last-node=\"\" data-is-only-node=\"\"><img decoding=\"async\" class=\"alignnone size-large wp-image-5079\" src=\"https:\/\/www.portofpitea.se\/wp-content\/uploads\/2025\/10\/port-of-pitea-54-760x507.jpg\" alt=\"Svartvit n\u00e4rbild p\u00e5 h\u00e4nder med arbetshandskar som drar i en grov tross. Bilden betonar det fysiska arbetets kraft och struktur.\" width=\"760\" height=\"507\" srcset=\"https:\/\/www.portofpitea.se\/wp-content\/uploads\/2025\/10\/port-of-pitea-54-760x507.jpg 760w, https:\/\/www.portofpitea.se\/wp-content\/uploads\/2025\/10\/port-of-pitea-54-350x233.jpg 350w, https:\/\/www.portofpitea.se\/wp-content\/uploads\/2025\/10\/port-of-pitea-54-768x512.jpg 768w, https:\/\/www.portofpitea.se\/wp-content\/uploads\/2025\/10\/port-of-pitea-54-1536x1024.jpg 1536w, https:\/\/www.portofpitea.se\/wp-content\/uploads\/2025\/10\/port-of-pitea-54.jpg 2048w\" sizes=\"(max-width: 760px) 100vw, 760px\" \/><\/p>\n<p data-start=\"682\" data-end=\"899\" data-is-last-node=\"\" data-is-only-node=\"\"><img decoding=\"async\" class=\"alignnone size-large wp-image-5075\" src=\"https:\/\/www.portofpitea.se\/wp-content\/uploads\/2025\/10\/port-of-pitea-44-760x507.jpg\" alt=\"Svartvit bild med en man i f\u00f6rarhytten p\u00e5 en traktor. Hans ansikte \u00e4r upplyst av en blixt, och i bakgrunden syns ett fartyg.\" width=\"760\" height=\"507\" srcset=\"https:\/\/www.portofpitea.se\/wp-content\/uploads\/2025\/10\/port-of-pitea-44-760x507.jpg 760w, https:\/\/www.portofpitea.se\/wp-content\/uploads\/2025\/10\/port-of-pitea-44-350x233.jpg 350w, https:\/\/www.portofpitea.se\/wp-content\/uploads\/2025\/10\/port-of-pitea-44-768x512.jpg 768w, https:\/\/www.portofpitea.se\/wp-content\/uploads\/2025\/10\/port-of-pitea-44-1536x1024.jpg 1536w, https:\/\/www.portofpitea.se\/wp-content\/uploads\/2025\/10\/port-of-pitea-44.jpg 2048w\" sizes=\"(max-width: 760px) 100vw, 760px\" \/><\/p>\n<p data-start=\"682\" data-end=\"899\" data-is-last-node=\"\" data-is-only-node=\"\"><img decoding=\"async\" class=\"alignnone size-large wp-image-5077\" src=\"https:\/\/www.portofpitea.se\/wp-content\/uploads\/2025\/10\/port-of-pitea-46-760x507.jpg\" alt=\"Svartvit bild d\u00e4r tre m\u00e4n i varselkl\u00e4der g\u00e5r i sidled l\u00e4ngs en liten v\u00e4g omgiven av buskage. Bilden f\u00f6rmedlar en harmonisk och glad st\u00e4mning.\" width=\"760\" height=\"507\" srcset=\"https:\/\/www.portofpitea.se\/wp-content\/uploads\/2025\/10\/port-of-pitea-46-760x507.jpg 760w, https:\/\/www.portofpitea.se\/wp-content\/uploads\/2025\/10\/port-of-pitea-46-350x233.jpg 350w, https:\/\/www.portofpitea.se\/wp-content\/uploads\/2025\/10\/port-of-pitea-46-768x512.jpg 768w, https:\/\/www.portofpitea.se\/wp-content\/uploads\/2025\/10\/port-of-pitea-46-1536x1024.jpg 1536w, https:\/\/www.portofpitea.se\/wp-content\/uploads\/2025\/10\/port-of-pitea-46.jpg 2048w\" sizes=\"(max-width: 760px) 100vw, 760px\" \/><\/p>\n","protected":false},"excerpt":{"rendered":"<p>An afternoon with the Operations Crew There\u2019s a buzz of activity in the port when the operations department is at work. A close-knit team ensures that everything runs smoothly \u2014 from infrastructure maintenance to vessel services and safety inspections. One of the team\u2019s most extensive areas of responsibility is the Energy Port. When ships unload and load liquid products, it\u2019s the operations crew who make sure that the control stations and safety checks are manned and that the work proceeds safely and efficiently. They are present throughout many of the steps and form an essential part of the port\u2019s operations&#8230;.<\/p>\n","protected":false},"author":10,"featured_media":0,"parent":260,"menu_order":0,"comment_status":"closed","ping_status":"closed","template":"","meta":{"_acf_changed":false,"footnotes":""},"class_list":["post-5095","page","type-page","status-publish","hentry"],"acf":[],"_links":{"self":[{"href":"https:\/\/www.portofpitea.se\/en\/wp-json\/wp\/v2\/pages\/5095","targetHints":{"allow":["GET"]}}],"collection":[{"href":"https:\/\/www.portofpitea.se\/en\/wp-json\/wp\/v2\/pages"}],"about":[{"href":"https:\/\/www.portofpitea.se\/en\/wp-json\/wp\/v2\/types\/page"}],"author":[{"embeddable":true,"href":"https:\/\/www.portofpitea.se\/en\/wp-json\/wp\/v2\/users\/10"}],"replies":[{"embeddable":true,"href":"https:\/\/www.portofpitea.se\/en\/wp-json\/wp\/v2\/comments?post=5095"}],"version-history":[{"count":0,"href":"https:\/\/www.portofpitea.se\/en\/wp-json\/wp\/v2\/pages\/5095\/revisions"}],"up":[{"embeddable":true,"href":"https:\/\/www.portofpitea.se\/en\/wp-json\/wp\/v2\/pages\/260"}],"wp:attachment":[{"href":"https:\/\/www.portofpitea.se\/en\/wp-json\/wp\/v2\/media?parent=5095"}],"curies":[{"name":"wp","href":"https:\/\/api.w.org\/{rel}","templated":true}]}}