{"id":5068,"date":"2025-10-02T13:56:10","date_gmt":"2025-10-02T11:56:10","guid":{"rendered":"https:\/\/www.portofpitea.se\/?page_id=5068"},"modified":"2026-02-09T08:44:16","modified_gmt":"2026-02-09T07:44:16","slug":"security-and-access-at-port-of-pitea","status":"publish","type":"page","link":"https:\/\/www.portofpitea.se\/en\/security-and-access-at-port-of-pitea\/","title":{"rendered":"Security and access at Port of Pite\u00e5"},"content":{"rendered":"<div id=\"attachment_5099\" style=\"width: 770px\" class=\"wp-caption alignnone\"><img decoding=\"async\" aria-describedby=\"caption-attachment-5099\" class=\"size-large wp-image-5099\" src=\"https:\/\/www.portofpitea.se\/wp-content\/uploads\/2025\/10\/etapp-3-1-760x504.jpg\" alt=\"Tv\u00e5 personer i varselkl\u00e4der i f\u00f6rgrunden, den ena pekar med h\u00f6ger hand mot en \u00f6ppen asfalterad yta. Ovanf\u00f6r syns en dramatisk himmel med m\u00f6rkbl\u00e5 moln. \" width=\"760\" height=\"504\" srcset=\"https:\/\/www.portofpitea.se\/wp-content\/uploads\/2025\/10\/etapp-3-1-760x504.jpg 760w, https:\/\/www.portofpitea.se\/wp-content\/uploads\/2025\/10\/etapp-3-1-350x232.jpg 350w, https:\/\/www.portofpitea.se\/wp-content\/uploads\/2025\/10\/etapp-3-1-768x509.jpg 768w, https:\/\/www.portofpitea.se\/wp-content\/uploads\/2025\/10\/etapp-3-1.jpg 1063w\" sizes=\"(max-width: 760px) 100vw, 760px\" \/><p id=\"caption-attachment-5099\" class=\"wp-caption-text\">Foto: Ika Weinz<\/p><\/div>\n<h2>Here\u2019s what you need to know before your visit<\/h2>\n<p data-start=\"883\" data-end=\"1029\" data-is-last-node=\"\" data-is-only-node=\"\"><strong>In Sweden, approximately 90 percent of international trade passes by sea at some point in the transport chain. This means that Swedish ports are not only logistical hubs but also a critical part of the nation\u2019s essential infrastructure and a vital link in the country\u2019s supply chains.<\/strong><\/p>\n<p data-start=\"331\" data-end=\"499\">An attack on a port that affects its ability to import or export goods could therefore have far-reaching economic consequences\u2014locally, nationally, and internationally.<\/p>\n<p data-start=\"501\" data-end=\"776\">Ports are among society\u2019s most strategic nodes, and their importance also makes them particularly exposed to various types of threats. Security work in Swedish ports is therefore aimed at addressing a range of risks that can have both national and international consequences.<\/p>\n<h3 data-start=\"501\" data-end=\"776\">Threat landscape<\/h3>\n<p data-start=\"800\" data-end=\"1226\">The current threat level against Swedish ports is considered moderate to elevated, particularly given the growing complexity of the national and international security environment. According to the <em data-start=\"998\" data-end=\"1054\">National Risk and Vulnerability Assessment (NRSB) 2025<\/em> by the Swedish Civil Contingencies Agency (MSB), analysis shows that Sweden must prepare for a broad spectrum of threats\u2014from serious peacetime incidents to armed attacks.<\/p>\n<p data-start=\"1228\" data-end=\"1681\">Ports and vessels are symbolic targets for attacks, and an assault could have extensive consequences for both people and vital societal functions. Swedish ports are sometimes used as transit points for illegal goods such as narcotics and weapons. The Swedish Customs and Coast Guard have, in recent years, intercepted several large drug shipments across Sweden, highlighting both the scale of the issue and the importance of an effective control system.<\/p>\n<p data-start=\"1683\" data-end=\"1849\">Even more everyday crimes pose a risk. High-value goods attract criminal networks, and theft or unauthorized entry into port areas can lead to major financial losses.<\/p>\n<p data-start=\"1851\" data-end=\"2064\">The threat of supply disruptions is considered the most critical aspect. Since roughly 90 percent of Sweden\u2019s foreign trade depends on maritime transport, such disturbances would quickly impact the entire society.<\/p>\n<p><img decoding=\"async\" class=\"size-large wp-image-5105\" src=\"https:\/\/www.portofpitea.se\/wp-content\/uploads\/2025\/10\/dji-0782-760x545.jpg\" alt=\"Dr\u00f6narfoto \u00f6ver en l\u00e5ng kaj med tv\u00e5 stora magasin och rymliga logistikytor. En bl\u00e5 kran syns vid kajen under klar bl\u00e5 himmel en stilla dag.\" width=\"760\" height=\"545\" srcset=\"https:\/\/www.portofpitea.se\/wp-content\/uploads\/2025\/10\/dji-0782-760x545.jpg 760w, https:\/\/www.portofpitea.se\/wp-content\/uploads\/2025\/10\/dji-0782-350x251.jpg 350w, https:\/\/www.portofpitea.se\/wp-content\/uploads\/2025\/10\/dji-0782-768x551.jpg 768w, https:\/\/www.portofpitea.se\/wp-content\/uploads\/2025\/10\/dji-0782-1536x1102.jpg 1536w, https:\/\/www.portofpitea.se\/wp-content\/uploads\/2025\/10\/dji-0782-2048x1470.jpg 2048w\" sizes=\"(max-width: 760px) 100vw, 760px\" \/><\/p>\n<h3 data-start=\"1851\" data-end=\"2064\">Security at the port<\/h3>\n<p data-start=\"2362\" data-end=\"2547\">Access to the operational area must be approved by Port of Pite\u00e5. The type of access you are granted depends on several factors, such as:<\/p>\n<ul data-start=\"2549\" data-end=\"2623\">\n<li data-start=\"2549\" data-end=\"2593\">\n<p data-start=\"2551\" data-end=\"2593\">Your purpose in the port and your client<\/p>\n<\/li>\n<li data-start=\"2594\" data-end=\"2623\">\n<p data-start=\"2596\" data-end=\"2623\">The duration of your stay<\/p>\n<\/li>\n<\/ul>\n<p data-start=\"2625\" data-end=\"2881\">As the port is an ISPS-protected area, large parts of it are under video surveillance. We also conduct random checks at entry points, which means you are required to present valid identification and allow your vehicle or cargo to be inspected before entry.<\/p>\n<p data-start=\"2883\" data-end=\"2989\">All visitors who need to enter the ISPS area must apply for access in advance via the form on our website.<\/p>\n<p data-start=\"2991\" data-end=\"3065\">Anyone without a legitimate reason to be in the port will be denied entry.<\/p>\n<h3 data-start=\"3072\" data-end=\"3095\"><strong data-start=\"3072\" data-end=\"3095\">Safety instructions<\/strong><\/h3>\n<p data-start=\"3097\" data-end=\"3382\">Being in a port environment often means exposure to higher risks, such as heavy traffic, large machinery, and strict safety requirements. To avoid accidents and ensure a safe environment for both visitors and workers, it is essential that you stay alert and aware of your surroundings.<\/p>\n<p data-start=\"3384\" data-end=\"3605\">When in the port area, you must comply with the operator\u2019s instructions regarding personal protective equipment. For example, it is not permitted to be on the quay without a high-visibility vest, helmet, and safety shoes.<\/p>\n<h3 data-start=\"3612\" data-end=\"3630\">Traffic safety<\/h3>\n<p data-start=\"3632\" data-end=\"3930\">Within the port area, the speed limit is 30 km\/h.<br data-start=\"3681\" data-end=\"3684\" \/>Driving on any road or area other than those designated is not allowed. All drivers must be sober and drug-free. Upon request, the driver must be able to present valid ID and allow the vehicle and cargo to be inspected by a port security inspector.<\/p>\n<p data-start=\"3932\" data-end=\"4092\">Refusing an inspection of your vehicle or cargo will automatically result in denial of entry to the port area\u2014regardless of whether you work at the port or not.<\/p>\n<h3 data-start=\"4099\" data-end=\"4114\"><strong data-start=\"4099\" data-end=\"4114\">Photography<\/strong><\/h3>\n<p data-start=\"4116\" data-end=\"4260\">Port of Pite\u00e5 is a protected area under the Maritime Security Act. Photography and filming are therefore prohibited without explicit permission.<\/p>\n<p data-start=\"4262\" data-end=\"4507\">Anyone wishing to photograph or film in or near our infrastructure areas must apply for a permit via the website. Note that permits are valid only for the specific occasion stated in the application. We do not issue general or long-term permits.<\/p>\n<p data-start=\"4509\" data-end=\"4595\">Drone photography requires a special permit and prior coordination with Port of Pite\u00e5.<\/p>\n<h3 data-start=\"4602\" data-end=\"4643\">Port Facility Security Officer (PFSO)<\/h3>\n<p data-start=\"4645\" data-end=\"4946\">Port of Pite\u00e5 has both a primary and a deputy Port Facility Security Officer (PFSO) who lead and coordinate security work in the port. Their responsibilities include planning, documenting, and following up on protective measures that prevent threats and ensure compliance with applicable requirements.<\/p>\n<p data-start=\"4948\" data-end=\"5377\">The PFSO is responsible for updating the port security assessment and plan, conducting annual audits and risk assessments, and coordinating drills related to safety and protection. The role also includes ensuring that procedures are followed, training staff, and reporting incidents to authorities. In addition, the PFSO ensures that perimeter protection, camera surveillance, and access control systems are functioning properly.<\/p>\n<p data-start=\"5384\" data-end=\"5396\"><strong data-start=\"5384\" data-end=\"5396\">Contacts<\/strong><\/p>\n<p data-start=\"5398\" data-end=\"5480\">Frida Colliander<br data-start=\"5414\" data-end=\"5417\" \/>Operations Coordinator \/ PFSO<br data-start=\"5446\" data-end=\"5449\" \/><a class=\"decorated-link cursor-pointer\" rel=\"noopener\" data-start=\"5449\" data-end=\"5478\">frida.colliander@piteaport.se<\/a><\/p>\n<p data-start=\"5482\" data-end=\"5555\" data-is-last-node=\"\" data-is-only-node=\"\">Alf Renberg<br data-start=\"5493\" data-end=\"5496\" \/>Operations Manager \/ Deputy PFSO<br data-start=\"5528\" data-end=\"5531\" \/><a class=\"decorated-link cursor-pointer\" rel=\"noopener\" data-start=\"5531\" data-end=\"5555\" data-is-last-node=\"\">alf.renberg@piteaport.se<\/a><\/p>\n","protected":false},"excerpt":{"rendered":"<p>Here\u2019s what you need to know before your visit In Sweden, approximately 90 percent of international trade passes by sea at some point in the transport chain. This means that Swedish ports are not only logistical hubs but also a critical part of the nation\u2019s essential infrastructure and a vital link in the country\u2019s supply chains. An attack on a port that affects its ability to import or export goods could therefore have far-reaching economic consequences\u2014locally, nationally, and internationally. Ports are among society\u2019s most strategic nodes, and their importance also makes them particularly exposed to various types of threats. Security&#8230;<\/p>\n","protected":false},"author":10,"featured_media":0,"parent":0,"menu_order":0,"comment_status":"closed","ping_status":"closed","template":"","meta":{"_acf_changed":false,"footnotes":""},"class_list":["post-5068","page","type-page","status-publish","hentry"],"acf":[],"_links":{"self":[{"href":"https:\/\/www.portofpitea.se\/en\/wp-json\/wp\/v2\/pages\/5068","targetHints":{"allow":["GET"]}}],"collection":[{"href":"https:\/\/www.portofpitea.se\/en\/wp-json\/wp\/v2\/pages"}],"about":[{"href":"https:\/\/www.portofpitea.se\/en\/wp-json\/wp\/v2\/types\/page"}],"author":[{"embeddable":true,"href":"https:\/\/www.portofpitea.se\/en\/wp-json\/wp\/v2\/users\/10"}],"replies":[{"embeddable":true,"href":"https:\/\/www.portofpitea.se\/en\/wp-json\/wp\/v2\/comments?post=5068"}],"version-history":[{"count":3,"href":"https:\/\/www.portofpitea.se\/en\/wp-json\/wp\/v2\/pages\/5068\/revisions"}],"predecessor-version":[{"id":5237,"href":"https:\/\/www.portofpitea.se\/en\/wp-json\/wp\/v2\/pages\/5068\/revisions\/5237"}],"wp:attachment":[{"href":"https:\/\/www.portofpitea.se\/en\/wp-json\/wp\/v2\/media?parent=5068"}],"curies":[{"name":"wp","href":"https:\/\/api.w.org\/{rel}","templated":true}]}}