{"id":4919,"date":"2025-06-16T09:52:12","date_gmt":"2025-06-16T07:52:12","guid":{"rendered":"https:\/\/www.portofpitea.se\/about\/news\/nu-digitaliseras-fartygsanlopen-till-lulea-hamn-och-pitea-hamn\/"},"modified":"2025-06-17T08:12:50","modified_gmt":"2025-06-17T06:12:50","slug":"nu-digitaliseras-fartygsanlopen-till-lulea-hamn-och-pitea-hamn","status":"publish","type":"page","link":"https:\/\/www.portofpitea.se\/en\/about\/news\/nu-digitaliseras-fartygsanlopen-till-lulea-hamn-och-pitea-hamn\/","title":{"rendered":"Ship calls to the ports of Pite\u00e5 and Lule\u00e5 are now being digitalized"},"content":{"rendered":"<div>\n<div id=\"attachment_4920\" style=\"width: 770px\" class=\"wp-caption alignnone\"><img decoding=\"async\" aria-describedby=\"caption-attachment-4920\" class=\"size-large wp-image-4920\" src=\"https:\/\/www.portofpitea.se\/wp-content\/uploads\/2025\/06\/karin-och-mikael-760x507.jpg\" alt=\"Collagebild med tv\u00e5 portr\u00e4ttbilder sammanfogade. Till v\u00e4nster: En man sitter i en f\u00e5t\u00f6lj och tittar rakt in i kameran med ett leende. Han har en bl\u00e5 tr\u00f6ja p\u00e5 sig. Till h\u00f6ger: En kvinna st\u00e5r i en hamn. Det \u00e4r en solig dag, men med l\u00e4tta moln p\u00e5 himlen. Hon ler och tittar in i kameran.\" width=\"760\" height=\"507\" srcset=\"https:\/\/www.portofpitea.se\/wp-content\/uploads\/2025\/06\/karin-och-mikael-760x507.jpg 760w, https:\/\/www.portofpitea.se\/wp-content\/uploads\/2025\/06\/karin-och-mikael-350x233.jpg 350w, https:\/\/www.portofpitea.se\/wp-content\/uploads\/2025\/06\/karin-och-mikael-768x512.jpg 768w, https:\/\/www.portofpitea.se\/wp-content\/uploads\/2025\/06\/karin-och-mikael-1536x1024.jpg 1536w, https:\/\/www.portofpitea.se\/wp-content\/uploads\/2025\/06\/karin-och-mikael.jpg 1600w\" sizes=\"(max-width: 760px) 100vw, 760px\" \/><p id=\"caption-attachment-4920\" class=\"wp-caption-text\">Mikael Lindgren and Karin Lindholm.<\/p><\/div>\n<\/div>\n<div><\/div>\n<div>\n<p><strong>In June, the ports of Pite\u00e5 and Lule\u00e5 will launch <em data-start=\"177\" data-end=\"183\">Port<\/em> \u2013 the platform that digitizes ship calls. The launch marks a move towards more efficient traffic flows and reduced environmental impact in these growing ports.<\/strong><\/p>\n<p>Each ship call currently involves a wide range of stakeholders exchanging large amounts of information from arrival to departure. The port management system gives customers, ship agents, and other partners access to the same real-time information about ship calls and service requests. Improved traffic flow planning to and from the ports reduces bottlenecks and leads to a more environmentally friendly logistics chain.<\/p>\n<\/div>\n<div>\n<p data-start=\"767\" data-end=\"1098\">\u201cWe\u2019re working towards just-in-time operations, where vessels plan their arrival and adjust their speed to minimize waiting times and fuel consumption. This is an important step towards a greener approach in maritime shipping while also improving service and safety,\u201d says Karin Lindholm, Enterprise Architect at the Port of Lule\u00e5.<\/p>\n<p data-start=\"767\" data-end=\"1098\">Currently, traffic information and service orders are updated in different places. With the port management system, users gain access to all relevant ship call information, including scheduled times and pilot and tugboat orders. The platform also allows for digital ordering of port services such as mooring and freshwater supply, with automatic confirmations and forwarding to the correct service providers. Mikael Lindgren, IT Strategist at the Port of Pite\u00e5, who is working on implementing the system, says this strengthens the ports&#8217; digital development.<\/p>\n<p data-start=\"1722\" data-end=\"1930\">\u201c<em data-start=\"1723\" data-end=\"1729\">Port<\/em> makes it easier to plan, collaborate, and act \u2013 regardless of where you are in the transport chain. It improves our internal administration, follow-up processes, and the customer experience,\u201d he says.<\/p>\n<p data-start=\"1932\" data-end=\"2219\">Both the Port of Lule\u00e5 and the Port of Pite\u00e5 are expected to grow in the coming years and handle increasing vessel traffic. The level of digitalization in maritime shipping is still relatively low, which makes this a significant milestone for the digital transformation of Swedish ports.<\/p>\n<p data-start=\"2221\" data-end=\"2491\">\u201cThe introduction of the port management system is the starting point for moving into the future. It\u2019s a concrete example of how we can improve our operations together while also making things easier for everyone working with us,\u201d say Mikael Lindgren and Karin Lindholm.<\/p>\n<p data-start=\"2498\" data-end=\"2546\"><strong data-start=\"2498\" data-end=\"2546\">Facts About the Digital Ship Call Initiative<\/strong><\/p>\n<p data-start=\"2548\" data-end=\"3037\">The implementation of the <em data-start=\"2574\" data-end=\"2580\">Port<\/em> digital port management system means manual routines are being replaced with digital ones. Regardless of whether you\u2019re calling at the Port of Lule\u00e5 or the Port of Pite\u00e5, you\u2019ll have access to the same interface and functionality. The initiative at the Ports of Pite\u00e5 and Lule\u00e5 is part of the Vinnova program <em data-start=\"2890\" data-end=\"2928\">System Demonstrator Smart Ship Calls<\/em>, where actors in the maritime sector are working to create more efficient port calls through digitalization.<\/p>\n<\/div>\n<div>\n<div id=\"attachment_4890\" style=\"width: 770px\" class=\"wp-caption alignnone\"><img decoding=\"async\" aria-describedby=\"caption-attachment-4890\" class=\"size-large wp-image-4890\" src=\"https:\/\/www.portofpitea.se\/wp-content\/uploads\/2025\/06\/bild-portsystemet--760x507.jpg\" alt=\"Bilden visar en sk\u00e4rmdump fr\u00e5n det administrativa st\u00f6dsystemet Port som ska underl\u00e4tta alla insatser vid exempelvis ett fartygs ankomst till hamnen. Bilden inneh\u00e5ller statistikuppgifter i form av siffror och en \u00f6versiktsbild av kaj.\" width=\"760\" height=\"507\" srcset=\"https:\/\/www.portofpitea.se\/wp-content\/uploads\/2025\/06\/bild-portsystemet--760x507.jpg 760w, https:\/\/www.portofpitea.se\/wp-content\/uploads\/2025\/06\/bild-portsystemet--350x233.jpg 350w, https:\/\/www.portofpitea.se\/wp-content\/uploads\/2025\/06\/bild-portsystemet--768x512.jpg 768w, https:\/\/www.portofpitea.se\/wp-content\/uploads\/2025\/06\/bild-portsystemet--1536x1024.jpg 1536w, https:\/\/www.portofpitea.se\/wp-content\/uploads\/2025\/06\/bild-portsystemet-.jpg 1600w\" sizes=\"(max-width: 760px) 100vw, 760px\" \/><p id=\"caption-attachment-4890\" class=\"wp-caption-text\">An example of what the Port system looks like for a logged-in user.<\/p><\/div>\n<div id=\"attachment_4892\" style=\"width: 770px\" class=\"wp-caption alignnone\"><img decoding=\"async\" aria-describedby=\"caption-attachment-4892\" class=\"size-large wp-image-4892\" src=\"https:\/\/www.portofpitea.se\/wp-content\/uploads\/2025\/06\/utbildning-av-port-760x507.jpg\" alt=\"Bilden visar hur fyra personer sitter vid ett avl\u00e5ngt konferensbord. L\u00e4ngst fram st\u00e5r en man i jeans och gr\u00e5 tr\u00f6ja. Han h\u00e5ller i en utbildning och pekar med ena handen mot sk\u00e4rmen. P\u00e5 bordet st\u00e5r uppf\u00e4llda b\u00e4rbara datorer. Bilden ger ett lugnt intryck.\" width=\"760\" height=\"507\" srcset=\"https:\/\/www.portofpitea.se\/wp-content\/uploads\/2025\/06\/utbildning-av-port-760x507.jpg 760w, https:\/\/www.portofpitea.se\/wp-content\/uploads\/2025\/06\/utbildning-av-port-350x233.jpg 350w, https:\/\/www.portofpitea.se\/wp-content\/uploads\/2025\/06\/utbildning-av-port-768x512.jpg 768w, https:\/\/www.portofpitea.se\/wp-content\/uploads\/2025\/06\/utbildning-av-port-1536x1024.jpg 1536w, https:\/\/www.portofpitea.se\/wp-content\/uploads\/2025\/06\/utbildning-av-port.jpg 1600w\" sizes=\"(max-width: 760px) 100vw, 760px\" \/><p id=\"caption-attachment-4892\" class=\"wp-caption-text\">In connection with the launch of the new Port system, an introduction and training session was held for agents from various shipping companies at the Port of Pite\u00e5&#8217;s office on Farleden 54.<\/p><\/div>\n<\/div>\n","protected":false},"excerpt":{"rendered":"<p>In June, the ports of Pite\u00e5 and Lule\u00e5 will launch Port \u2013 the platform that digitizes ship calls. The launch marks a move towards more efficient traffic flows and reduced environmental impact in these growing ports. Each ship call currently involves a wide range of stakeholders exchanging large amounts of information from arrival to departure. The port management system gives customers, ship agents, and other partners access to the same real-time information about ship calls and service requests. Improved traffic flow planning to and from the ports reduces bottlenecks and leads to a more environmentally friendly logistics chain. \u201cWe\u2019re working&#8230;<\/p>\n","protected":false},"author":10,"featured_media":0,"parent":260,"menu_order":0,"comment_status":"closed","ping_status":"closed","template":"","meta":{"_acf_changed":false,"footnotes":""},"class_list":["post-4919","page","type-page","status-publish","hentry"],"acf":[],"_links":{"self":[{"href":"https:\/\/www.portofpitea.se\/en\/wp-json\/wp\/v2\/pages\/4919","targetHints":{"allow":["GET"]}}],"collection":[{"href":"https:\/\/www.portofpitea.se\/en\/wp-json\/wp\/v2\/pages"}],"about":[{"href":"https:\/\/www.portofpitea.se\/en\/wp-json\/wp\/v2\/types\/page"}],"author":[{"embeddable":true,"href":"https:\/\/www.portofpitea.se\/en\/wp-json\/wp\/v2\/users\/10"}],"replies":[{"embeddable":true,"href":"https:\/\/www.portofpitea.se\/en\/wp-json\/wp\/v2\/comments?post=4919"}],"version-history":[{"count":1,"href":"https:\/\/www.portofpitea.se\/en\/wp-json\/wp\/v2\/pages\/4919\/revisions"}],"predecessor-version":[{"id":4925,"href":"https:\/\/www.portofpitea.se\/en\/wp-json\/wp\/v2\/pages\/4919\/revisions\/4925"}],"up":[{"embeddable":true,"href":"https:\/\/www.portofpitea.se\/en\/wp-json\/wp\/v2\/pages\/260"}],"wp:attachment":[{"href":"https:\/\/www.portofpitea.se\/en\/wp-json\/wp\/v2\/media?parent=4919"}],"curies":[{"name":"wp","href":"https:\/\/api.w.org\/{rel}","templated":true}]}}