{"id":4422,"date":"2024-10-17T08:33:36","date_gmt":"2024-10-17T06:33:36","guid":{"rendered":"https:\/\/www.portofpitea.se\/about\/news\/mot-port-of-piteas-driftavdelning\/"},"modified":"2024-10-29T09:50:34","modified_gmt":"2024-10-29T08:50:34","slug":"mot-port-of-piteas-driftavdelning","status":"publish","type":"page","link":"https:\/\/www.portofpitea.se\/en\/about\/news\/mot-port-of-piteas-driftavdelning\/","title":{"rendered":"Meet our operations team"},"content":{"rendered":"<h3><img decoding=\"async\" class=\"alignnone wp-image-4379 size-large\" src=\"https:\/\/www.portofpitea.se\/wp-content\/uploads\/2024\/10\/pitea-port-och-hub-gruppbild-11-760x507.jpg\" alt=\"Fem m\u00e4n ikl\u00e4dda varselv\u00e4ster st\u00e5r p\u00e5 en kaj i regnigt v\u00e4der.\" width=\"760\" height=\"507\" srcset=\"https:\/\/www.portofpitea.se\/wp-content\/uploads\/2024\/10\/pitea-port-och-hub-gruppbild-11-760x507.jpg 760w, https:\/\/www.portofpitea.se\/wp-content\/uploads\/2024\/10\/pitea-port-och-hub-gruppbild-11-350x233.jpg 350w, https:\/\/www.portofpitea.se\/wp-content\/uploads\/2024\/10\/pitea-port-och-hub-gruppbild-11-768x512.jpg 768w, https:\/\/www.portofpitea.se\/wp-content\/uploads\/2024\/10\/pitea-port-och-hub-gruppbild-11-1536x1024.jpg 1536w, https:\/\/www.portofpitea.se\/wp-content\/uploads\/2024\/10\/pitea-port-och-hub-gruppbild-11.jpg 2048w\" sizes=\"(max-width: 760px) 100vw, 760px\" \/><\/h3>\n<h4>With broad responsibilities ranging from infrastructure maintenance to vessel services and safety inspections, the operations department plays a central role in the port&#8217;s activities.<\/h4>\n<p>Meet Fredrik, Alf, P\u00e4r, Robin, and Simon, the operations team at Port of Pite\u00e5. They are a vital part of the daily work that keeps the port running year-round, in all weather conditions. Their tasks include the repair and maintenance of gates, doors, and lighting, as well as the operation and upkeep of the port\u2019s navigational aids, both on land and at sea, such as buoys and land-based signboards.<\/p>\n<p>During the winter, snow clearing is a crucial part of their daily routine to ensure that operations remain accessible.<\/p>\n<h4>Responsible for the energy port and vessel services<\/h4>\n<p>The energy port is one of the operations team\u2019s biggest responsibilities. They make sure that pipelines and safety checks are manned around the clock when ships are unloading and loading liquid products. The team is also in charge of vessel services at the dry cargo quay, where they supply ships with fresh water and ensure that transport and other services run smoothly. They also act as boatmen during ship arrivals and departures.<\/p>\n<p>Close cooperation with the operator <a href=\"https:\/\/www.shorelink.se\">ShoreLink<\/a> is also part of their daily work.<\/p>\n<h4>An efficient and safe port<\/h4>\n<p>Through their work, the operations team ensures that Port of Pite\u00e5 remains an efficient and safe port, with a strong focus on both people and safety.<\/p>\n<p><img decoding=\"async\" class=\"alignnone size-large wp-image-4403\" src=\"https:\/\/www.portofpitea.se\/wp-content\/uploads\/2024\/10\/pitea-port-och-hub-gruppbild-7-760x507.jpg\" alt=\"Fem m\u00e4n st\u00e5r p\u00e5 en kaj i hamnen. Alla fem har p\u00e5 sig varselkl\u00e4der och tittar in i kameran.\" width=\"760\" height=\"507\" srcset=\"https:\/\/www.portofpitea.se\/wp-content\/uploads\/2024\/10\/pitea-port-och-hub-gruppbild-7-760x507.jpg 760w, https:\/\/www.portofpitea.se\/wp-content\/uploads\/2024\/10\/pitea-port-och-hub-gruppbild-7-350x233.jpg 350w, https:\/\/www.portofpitea.se\/wp-content\/uploads\/2024\/10\/pitea-port-och-hub-gruppbild-7-768x512.jpg 768w, https:\/\/www.portofpitea.se\/wp-content\/uploads\/2024\/10\/pitea-port-och-hub-gruppbild-7-1536x1024.jpg 1536w, https:\/\/www.portofpitea.se\/wp-content\/uploads\/2024\/10\/pitea-port-och-hub-gruppbild-7.jpg 2048w\" sizes=\"(max-width: 760px) 100vw, 760px\" \/><\/p>\n","protected":false},"excerpt":{"rendered":"<p>With broad responsibilities ranging from infrastructure maintenance to vessel services and safety inspections, the operations department plays a central role in the port&#8217;s activities. Meet Fredrik, Alf, P\u00e4r, Robin, and Simon, the operations team at Port of Pite\u00e5. They are a vital part of the daily work that keeps the port running year-round, in all weather conditions. Their tasks include the repair and maintenance of gates, doors, and lighting, as well as the operation and upkeep of the port\u2019s navigational aids, both on land and at sea, such as buoys and land-based signboards. During the winter, snow clearing is a&#8230;<\/p>\n","protected":false},"author":10,"featured_media":0,"parent":260,"menu_order":0,"comment_status":"closed","ping_status":"closed","template":"","meta":{"_acf_changed":false,"footnotes":""},"class_list":["post-4422","page","type-page","status-publish","hentry"],"acf":[],"_links":{"self":[{"href":"https:\/\/www.portofpitea.se\/en\/wp-json\/wp\/v2\/pages\/4422","targetHints":{"allow":["GET"]}}],"collection":[{"href":"https:\/\/www.portofpitea.se\/en\/wp-json\/wp\/v2\/pages"}],"about":[{"href":"https:\/\/www.portofpitea.se\/en\/wp-json\/wp\/v2\/types\/page"}],"author":[{"embeddable":true,"href":"https:\/\/www.portofpitea.se\/en\/wp-json\/wp\/v2\/users\/10"}],"replies":[{"embeddable":true,"href":"https:\/\/www.portofpitea.se\/en\/wp-json\/wp\/v2\/comments?post=4422"}],"version-history":[{"count":1,"href":"https:\/\/www.portofpitea.se\/en\/wp-json\/wp\/v2\/pages\/4422\/revisions"}],"predecessor-version":[{"id":4423,"href":"https:\/\/www.portofpitea.se\/en\/wp-json\/wp\/v2\/pages\/4422\/revisions\/4423"}],"up":[{"embeddable":true,"href":"https:\/\/www.portofpitea.se\/en\/wp-json\/wp\/v2\/pages\/260"}],"wp:attachment":[{"href":"https:\/\/www.portofpitea.se\/en\/wp-json\/wp\/v2\/media?parent=4422"}],"curies":[{"name":"wp","href":"https:\/\/api.w.org\/{rel}","templated":true}]}}