{"id":2678,"date":"2023-08-29T09:53:08","date_gmt":"2023-08-29T07:53:08","guid":{"rendered":"https:\/\/www.portofpitea.se\/?page_id=2678"},"modified":"2023-10-26T07:59:34","modified_gmt":"2023-10-26T05:59:34","slug":"great-success-for-the-port-day","status":"publish","type":"page","link":"https:\/\/www.portofpitea.se\/en\/about\/news\/great-success-for-the-port-day\/","title":{"rendered":"Great success for the port day"},"content":{"rendered":"<p><img decoding=\"async\" class=\"alignnone size-large wp-image-2589\" src=\"https:\/\/www.portofpitea.se\/wp-content\/uploads\/2023\/08\/image00001-760x570.jpeg\" alt=\"\" width=\"760\" height=\"570\" srcset=\"https:\/\/www.portofpitea.se\/wp-content\/uploads\/2023\/08\/image00001-760x570.jpeg 760w, https:\/\/www.portofpitea.se\/wp-content\/uploads\/2023\/08\/image00001-350x263.jpeg 350w, https:\/\/www.portofpitea.se\/wp-content\/uploads\/2023\/08\/image00001-768x576.jpeg 768w, https:\/\/www.portofpitea.se\/wp-content\/uploads\/2023\/08\/image00001-1536x1152.jpeg 1536w, https:\/\/www.portofpitea.se\/wp-content\/uploads\/2023\/08\/image00001-2048x1536.jpeg 2048w\" sizes=\"(max-width: 760px) 100vw, 760px\" \/><\/p>\n<p><strong>Due to the fact that it is 50 years since the harbor at Haraholmen was inaugurated, Pite\u00e5 Hamn and ShoreLink invited the public to a big harbor day. At least 2 000 people came to mingle on the quayside. The icebreaker YMER from the Swedish Maritime Administration was particularly appreciated during the day.<span class=\"Apple-converted-space\">\u00a0<\/span><\/strong><\/p>\n<p>There is great interest in the port and its operations. This was shown by the weekend&#8217;s visitor numbers. At least 2,000 people came to \u201dHamndagen\u201d to participate in the 50th anniversary celebration of the harbor at Haraholmen. It was a successful family day with activities, hamburger service and coffee.<span class=\"Apple-converted-space\">\u00a0<\/span><\/p>\n<p>Visitors had the opportunity to board the icebreaker YMER, talk to the Coast Guard and the Pite\u00e5 Sea Rescue Society, visit ShoreLink&#8217;s large machinery park and mingle among the exhibitor tents. Pite\u00e5 Hamn and the operator ShoreLink would like to thank all participants and all visitors for a fantastic day.<span class=\"Apple-converted-space\">\u00a0<\/span><\/p>\n<p><strong>Thanks to:<\/strong><br \/>\nKustbevakningen<br \/>\nSj\u00f6r\u00e4ddningss\u00e4llskapet RS Pite\u00e5<br \/>\nSunPine<br \/>\nSmurfit Kappa<br \/>\nLindb\u00e4cks<br \/>\nSj\u00f6fartsverket<\/p>\n<p><img decoding=\"async\" class=\"alignnone size-large wp-image-2595\" src=\"https:\/\/www.portofpitea.se\/wp-content\/uploads\/2023\/08\/image00002-760x570.jpeg\" alt=\"\" width=\"760\" height=\"570\" srcset=\"https:\/\/www.portofpitea.se\/wp-content\/uploads\/2023\/08\/image00002-760x570.jpeg 760w, https:\/\/www.portofpitea.se\/wp-content\/uploads\/2023\/08\/image00002-350x263.jpeg 350w, https:\/\/www.portofpitea.se\/wp-content\/uploads\/2023\/08\/image00002-768x576.jpeg 768w, https:\/\/www.portofpitea.se\/wp-content\/uploads\/2023\/08\/image00002-1536x1152.jpeg 1536w, https:\/\/www.portofpitea.se\/wp-content\/uploads\/2023\/08\/image00002-2048x1536.jpeg 2048w\" sizes=\"(max-width: 760px) 100vw, 760px\" \/><\/p>\n<p><img decoding=\"async\" class=\"alignnone size-large wp-image-2607\" src=\"https:\/\/www.portofpitea.se\/wp-content\/uploads\/2023\/08\/image00004-760x570.jpeg\" alt=\"\" width=\"760\" height=\"570\" srcset=\"https:\/\/www.portofpitea.se\/wp-content\/uploads\/2023\/08\/image00004-760x570.jpeg 760w, https:\/\/www.portofpitea.se\/wp-content\/uploads\/2023\/08\/image00004-350x263.jpeg 350w, https:\/\/www.portofpitea.se\/wp-content\/uploads\/2023\/08\/image00004-768x576.jpeg 768w, https:\/\/www.portofpitea.se\/wp-content\/uploads\/2023\/08\/image00004-1536x1152.jpeg 1536w, https:\/\/www.portofpitea.se\/wp-content\/uploads\/2023\/08\/image00004-2048x1536.jpeg 2048w\" sizes=\"(max-width: 760px) 100vw, 760px\" \/><\/p>\n<p><img decoding=\"async\" class=\"alignnone size-large wp-image-2643\" src=\"https:\/\/www.portofpitea.se\/wp-content\/uploads\/2023\/08\/image00010-760x570.jpeg\" alt=\"\" width=\"760\" height=\"570\" srcset=\"https:\/\/www.portofpitea.se\/wp-content\/uploads\/2023\/08\/image00010-760x570.jpeg 760w, https:\/\/www.portofpitea.se\/wp-content\/uploads\/2023\/08\/image00010-350x263.jpeg 350w, https:\/\/www.portofpitea.se\/wp-content\/uploads\/2023\/08\/image00010-768x576.jpeg 768w, https:\/\/www.portofpitea.se\/wp-content\/uploads\/2023\/08\/image00010-1536x1152.jpeg 1536w, https:\/\/www.portofpitea.se\/wp-content\/uploads\/2023\/08\/image00010.jpeg 2016w\" sizes=\"(max-width: 760px) 100vw, 760px\" \/><\/p>\n<p><img decoding=\"async\" class=\"size-large wp-image-2619\" src=\"https:\/\/www.portofpitea.se\/wp-content\/uploads\/2023\/08\/image00006-760x570.jpeg\" alt=\"\" width=\"760\" height=\"570\" srcset=\"https:\/\/www.portofpitea.se\/wp-content\/uploads\/2023\/08\/image00006-760x570.jpeg 760w, https:\/\/www.portofpitea.se\/wp-content\/uploads\/2023\/08\/image00006-350x263.jpeg 350w, https:\/\/www.portofpitea.se\/wp-content\/uploads\/2023\/08\/image00006-768x576.jpeg 768w, https:\/\/www.portofpitea.se\/wp-content\/uploads\/2023\/08\/image00006-1536x1152.jpeg 1536w, https:\/\/www.portofpitea.se\/wp-content\/uploads\/2023\/08\/image00006-2048x1536.jpeg 2048w\" sizes=\"(max-width: 760px) 100vw, 760px\" \/><\/p>\n<p><img decoding=\"async\" class=\"size-large wp-image-2625\" src=\"https:\/\/www.portofpitea.se\/wp-content\/uploads\/2023\/08\/image00007-760x570.jpeg\" alt=\"\" width=\"760\" height=\"570\" srcset=\"https:\/\/www.portofpitea.se\/wp-content\/uploads\/2023\/08\/image00007-760x570.jpeg 760w, https:\/\/www.portofpitea.se\/wp-content\/uploads\/2023\/08\/image00007-350x263.jpeg 350w, https:\/\/www.portofpitea.se\/wp-content\/uploads\/2023\/08\/image00007-768x576.jpeg 768w, https:\/\/www.portofpitea.se\/wp-content\/uploads\/2023\/08\/image00007-1536x1152.jpeg 1536w, https:\/\/www.portofpitea.se\/wp-content\/uploads\/2023\/08\/image00007-2048x1536.jpeg 2048w\" sizes=\"(max-width: 760px) 100vw, 760px\" \/><\/p>\n<p><img decoding=\"async\" class=\"size-large wp-image-2637\" src=\"https:\/\/www.portofpitea.se\/wp-content\/uploads\/2023\/08\/image00009-760x570.jpeg\" alt=\"\" width=\"760\" height=\"570\" srcset=\"https:\/\/www.portofpitea.se\/wp-content\/uploads\/2023\/08\/image00009-760x570.jpeg 760w, https:\/\/www.portofpitea.se\/wp-content\/uploads\/2023\/08\/image00009-350x263.jpeg 350w, https:\/\/www.portofpitea.se\/wp-content\/uploads\/2023\/08\/image00009-768x576.jpeg 768w, https:\/\/www.portofpitea.se\/wp-content\/uploads\/2023\/08\/image00009-1536x1152.jpeg 1536w, https:\/\/www.portofpitea.se\/wp-content\/uploads\/2023\/08\/image00009-2048x1536.jpeg 2048w\" sizes=\"(max-width: 760px) 100vw, 760px\" \/><\/p>\n","protected":false},"excerpt":{"rendered":"<p>Due to the fact that it is 50 years since the harbor at Haraholmen was inaugurated, Pite\u00e5 Hamn and ShoreLink invited the public to a big harbor day. At least 2 000 people came to mingle on the quayside. The icebreaker YMER from the Swedish Maritime Administration was particularly appreciated during the day.\u00a0 There is great interest in the port and its operations. This was shown by the weekend&#8217;s visitor numbers. At least 2,000 people came to \u201dHamndagen\u201d to participate in the 50th anniversary celebration of the harbor at Haraholmen. It was a successful family day with activities, hamburger service&#8230;<\/p>\n","protected":false},"author":1,"featured_media":0,"parent":260,"menu_order":0,"comment_status":"closed","ping_status":"closed","template":"","meta":{"_acf_changed":false,"footnotes":""},"class_list":["post-2678","page","type-page","status-publish","hentry"],"acf":[],"_links":{"self":[{"href":"https:\/\/www.portofpitea.se\/en\/wp-json\/wp\/v2\/pages\/2678","targetHints":{"allow":["GET"]}}],"collection":[{"href":"https:\/\/www.portofpitea.se\/en\/wp-json\/wp\/v2\/pages"}],"about":[{"href":"https:\/\/www.portofpitea.se\/en\/wp-json\/wp\/v2\/types\/page"}],"author":[{"embeddable":true,"href":"https:\/\/www.portofpitea.se\/en\/wp-json\/wp\/v2\/users\/1"}],"replies":[{"embeddable":true,"href":"https:\/\/www.portofpitea.se\/en\/wp-json\/wp\/v2\/comments?post=2678"}],"version-history":[{"count":0,"href":"https:\/\/www.portofpitea.se\/en\/wp-json\/wp\/v2\/pages\/2678\/revisions"}],"up":[{"embeddable":true,"href":"https:\/\/www.portofpitea.se\/en\/wp-json\/wp\/v2\/pages\/260"}],"wp:attachment":[{"href":"https:\/\/www.portofpitea.se\/en\/wp-json\/wp\/v2\/media?parent=2678"}],"curies":[{"name":"wp","href":"https:\/\/api.w.org\/{rel}","templated":true}]}}