{"id":225,"date":"2015-11-27T15:43:32","date_gmt":"2015-11-27T14:43:32","guid":{"rendered":"http:\/\/piteahamn.inthecold.se\/en\/?page_id=225"},"modified":"2026-01-15T09:57:32","modified_gmt":"2026-01-15T08:57:32","slug":"contact","status":"publish","type":"page","link":"https:\/\/www.portofpitea.se\/en\/contact\/","title":{"rendered":"Contact us"},"content":{"rendered":"<p>Phone\u00a00911 &#8211; 23 21 30<br \/>\nAddress: Farleden 54, 941 43 Pite\u00e5<br \/>\nE-mail: <a href=\"mailto:info@piteaport.se\" target=\"_blank\" rel=\"noopener noreferrer\">info@piteaport.se<\/a><\/p>\n<p>Corporate number: 556643 &#8211; 1911<br \/>\nCustomcode: SEHAH<br \/>\nPort ID: SEPIT 0001<br \/>\nCustoms &#8220;Godslokalkod&#8221;: AJD<\/p>\n<p>Railway:<br \/>\nDIUM: Serving RU 2174 Code 01412-6<br \/>\nStation: PT\u00c5, Pite\u00e5, 3120, 06, 06 Pite\u00e5 Haraholmen<\/p>\n<p>The oil jetty:<br \/>\nPhone +46 911 24 60 40<\/p>\n","protected":false},"excerpt":{"rendered":"<p>Phone\u00a00911 &#8211; 23 21 30 Address: Farleden 54, 941 43 Pite\u00e5 E-mail: info@piteaport.se Corporate number: 556643 &#8211; 1911 Customcode: SEHAH Port ID: SEPIT 0001 Customs &#8220;Godslokalkod&#8221;: AJD Railway: DIUM: Serving RU 2174 Code 01412-6 Station: PT\u00c5, Pite\u00e5, 3120, 06, 06 Pite\u00e5 Haraholmen The oil jetty: Phone +46 911 24 60 40<\/p>\n","protected":false},"author":1,"featured_media":0,"parent":0,"menu_order":0,"comment_status":"closed","ping_status":"closed","template":"page-contact.php","meta":{"_acf_changed":false,"footnotes":""},"class_list":["post-225","page","type-page","status-publish","hentry"],"acf":[],"_links":{"self":[{"href":"https:\/\/www.portofpitea.se\/en\/wp-json\/wp\/v2\/pages\/225","targetHints":{"allow":["GET"]}}],"collection":[{"href":"https:\/\/www.portofpitea.se\/en\/wp-json\/wp\/v2\/pages"}],"about":[{"href":"https:\/\/www.portofpitea.se\/en\/wp-json\/wp\/v2\/types\/page"}],"author":[{"embeddable":true,"href":"https:\/\/www.portofpitea.se\/en\/wp-json\/wp\/v2\/users\/1"}],"replies":[{"embeddable":true,"href":"https:\/\/www.portofpitea.se\/en\/wp-json\/wp\/v2\/comments?post=225"}],"version-history":[{"count":1,"href":"https:\/\/www.portofpitea.se\/en\/wp-json\/wp\/v2\/pages\/225\/revisions"}],"predecessor-version":[{"id":5195,"href":"https:\/\/www.portofpitea.se\/en\/wp-json\/wp\/v2\/pages\/225\/revisions\/5195"}],"wp:attachment":[{"href":"https:\/\/www.portofpitea.se\/en\/wp-json\/wp\/v2\/media?parent=225"}],"curies":[{"name":"wp","href":"https:\/\/api.w.org\/{rel}","templated":true}]}}