{"id":206,"date":"2015-11-27T14:41:23","date_gmt":"2015-11-27T13:41:23","guid":{"rendered":"http:\/\/piteahamn.inthecold.se\/en\/?page_id=206"},"modified":"2026-02-03T13:03:31","modified_gmt":"2026-02-03T12:03:31","slug":"icebreaking","status":"publish","type":"page","link":"https:\/\/www.portofpitea.se\/en\/services\/shipping\/icebreaking\/","title":{"rendered":"Ice breaking"},"content":{"rendered":"<p>During the winter months, when the ice takes hold, we charter the icebreaker Viscaria from Lule\u00e5 harbor. Viscaria breaks the ice in Pite\u00e5 Harbor&#8217;s fairways, ensuring the important freight traffic to and from Pite\u00e5. Outside the harbor&#8217;s fairways (near Lesk\u00e4r), the Swedish Maritime Administration&#8217;s icebreakers take over.<\/p>\n<p>Viscaria is a powerful icebreaking tugboat, equipped with accommodation for seven crew members. It has an impressive engine power of 6,150 horsepower and a towing capacity of 62 tons.<\/p>\n<p>Contact to stand-by duty officer:<br \/>\n<a href=\"https:\/\/www.portofpitea.se\/wp-content\/uploads\/2026\/02\/phonelist-icebreaker-portofpitea2026.pdf\">Contact information Icebreaker\/Tugboat<\/a><\/p>\n","protected":false},"excerpt":{"rendered":"<p>During the winter months, when the ice takes hold, we charter the icebreaker Viscaria from Lule\u00e5 harbor. Viscaria breaks the ice in Pite\u00e5 Harbor&#8217;s fairways, ensuring the important freight traffic to and from Pite\u00e5. Outside the harbor&#8217;s fairways (near Lesk\u00e4r), the Swedish Maritime Administration&#8217;s icebreakers take over. Viscaria is a powerful icebreaking tugboat, equipped with accommodation for seven crew members. It has an impressive engine power of 6,150 horsepower and a towing capacity of 62 tons. Contact to stand-by duty officer: Contact information Icebreaker\/Tugboat<\/p>\n","protected":false},"author":1,"featured_media":1612,"parent":198,"menu_order":0,"comment_status":"closed","ping_status":"closed","template":"page-service.php","meta":{"_acf_changed":false,"footnotes":""},"class_list":["post-206","page","type-page","status-publish","has-post-thumbnail","hentry"],"acf":[],"_links":{"self":[{"href":"https:\/\/www.portofpitea.se\/en\/wp-json\/wp\/v2\/pages\/206","targetHints":{"allow":["GET"]}}],"collection":[{"href":"https:\/\/www.portofpitea.se\/en\/wp-json\/wp\/v2\/pages"}],"about":[{"href":"https:\/\/www.portofpitea.se\/en\/wp-json\/wp\/v2\/types\/page"}],"author":[{"embeddable":true,"href":"https:\/\/www.portofpitea.se\/en\/wp-json\/wp\/v2\/users\/1"}],"replies":[{"embeddable":true,"href":"https:\/\/www.portofpitea.se\/en\/wp-json\/wp\/v2\/comments?post=206"}],"version-history":[{"count":5,"href":"https:\/\/www.portofpitea.se\/en\/wp-json\/wp\/v2\/pages\/206\/revisions"}],"predecessor-version":[{"id":5222,"href":"https:\/\/www.portofpitea.se\/en\/wp-json\/wp\/v2\/pages\/206\/revisions\/5222"}],"up":[{"embeddable":true,"href":"https:\/\/www.portofpitea.se\/en\/wp-json\/wp\/v2\/pages\/198"}],"wp:featuredmedia":[{"embeddable":true,"href":"https:\/\/www.portofpitea.se\/en\/wp-json\/wp\/v2\/media\/1612"}],"wp:attachment":[{"href":"https:\/\/www.portofpitea.se\/en\/wp-json\/wp\/v2\/media?parent=206"}],"curies":[{"name":"wp","href":"https:\/\/api.w.org\/{rel}","templated":true}]}}