{"id":1202,"date":"2022-06-22T13:28:42","date_gmt":"2022-06-22T11:28:42","guid":{"rendered":"https:\/\/www.portofpitea.se\/?page_id=1202"},"modified":"2023-12-06T18:42:54","modified_gmt":"2023-12-06T17:42:54","slug":"wagenborg-enables-international-transport-solutions","status":"publish","type":"page","link":"https:\/\/www.portofpitea.se\/en\/about\/news\/wagenborg-enables-international-transport-solutions\/","title":{"rendered":"Wagenborg enables international transport solutions"},"content":{"rendered":"<div id=\"attachment_1169\" style=\"width: 770px\" class=\"wp-caption alignnone\"><img decoding=\"async\" aria-describedby=\"caption-attachment-1169\" class=\"wp-image-1169 size-large\" src=\"https:\/\/www.portofpitea.se\/wp-content\/uploads\/2022\/06\/Wagenborg-WEBB-760x507.jpg\" alt=\"\" width=\"760\" height=\"507\" srcset=\"https:\/\/www.portofpitea.se\/wp-content\/uploads\/2022\/06\/Wagenborg-WEBB-760x507.jpg 760w, https:\/\/www.portofpitea.se\/wp-content\/uploads\/2022\/06\/Wagenborg-WEBB-350x233.jpg 350w, https:\/\/www.portofpitea.se\/wp-content\/uploads\/2022\/06\/Wagenborg-WEBB-768x512.jpg 768w, https:\/\/www.portofpitea.se\/wp-content\/uploads\/2022\/06\/Wagenborg-WEBB-1536x1024.jpg 1536w, https:\/\/www.portofpitea.se\/wp-content\/uploads\/2022\/06\/Wagenborg-WEBB.jpg 1600w\" sizes=\"(max-width: 760px) 100vw, 760px\" \/><p id=\"caption-attachment-1169\" class=\"wp-caption-text\">Fred Stern\u00e5 och Viktor Ivarsson.<\/p><\/div>\n<p><strong>Wagenborg has a solid tradition of regular services between the Port of Pite\u00e5 and international waters. Six months ago, the company consolidated its position in northern Sweden by establishing a sales office in Pite\u00e5.<\/strong><\/p>\n<p>Port of Pite\u00e5 offers a flexible harbor with a deep fairway and an operator with a lot of competence.<br \/>\nThe fact that Wagenborg chose to establish a sales office at Haraholmen just over six months ago, contributes to the development of the business community.<br \/>\n\u2013 Wagenborg wants local knowledge here at Haraholmen considering all developments and new productions that take place here. Both Fred and I have a network of contacts and knowledge that benefits the business, says Viktor.<\/p>\n<p><strong>Transport solutions and collaborations<\/strong><br \/>\nThe local presence with a local office has great potential.<br \/>\n\u2013 We offer a solution with transport that runs weekly. It is possible to get very large amounts of goods and heavy loads from the continent in a cost-effective way, with high punctuality, says Fred.<br \/>\n\u2013 And for companies in northern Sweden, we can find transport solutions and collaborations.<\/p>\n<p>Wagenborg&#8217;s freight fleet is adapted to transport, for example, forest products in difficult winter conditions.<br \/>\n\u2013 Our ships traffic a lot in the Gulf of Bothnia and northern Canada, and we are good at that.<\/p>\n<p><strong>FACTS: Wagenborg in Pite\u00e5<\/strong><\/p>\n<ul>\n<li>Wagenborg&#8217;s office in Pite\u00e5 consists of Viktor Ivarsson and Fred Stern\u00e5. The team has recently been expanded with Fabian L\u00f8venskiold.<\/li>\n<li>Viktor Ivarsson works with logistics, clearance and technical issues.<\/li>\n<li>Fred Stern\u00e5 works with sales, booking and scheduled traffic.<\/li>\n<li>Both have prior worked at ShoreLink: Viktor as a shipping agent and Fred with logistics.<\/li>\n<\/ul>\n<p>Want more knowledge about Wagenborg? Follow this link: <a href=\"https:\/\/www.wagenborg.com\/\">www.wagenborg.com<\/a><\/p>\n","protected":false},"excerpt":{"rendered":"<p>Wagenborg has a solid tradition of regular services between the Port of Pite\u00e5 and international waters. Six months ago, the company consolidated its position in northern Sweden by establishing a sales office in Pite\u00e5. Port of Pite\u00e5 offers a flexible harbor with a deep fairway and an operator with a lot of competence. The fact that Wagenborg chose to establish a sales office at Haraholmen just over six months ago, contributes to the development of the business community. \u2013 Wagenborg wants local knowledge here at Haraholmen considering all developments and new productions that take place here. Both Fred and I&#8230;<\/p>\n","protected":false},"author":1,"featured_media":0,"parent":260,"menu_order":0,"comment_status":"closed","ping_status":"closed","template":"","meta":{"_acf_changed":false,"footnotes":""},"class_list":["post-1202","page","type-page","status-publish","hentry"],"acf":[],"_links":{"self":[{"href":"https:\/\/www.portofpitea.se\/en\/wp-json\/wp\/v2\/pages\/1202","targetHints":{"allow":["GET"]}}],"collection":[{"href":"https:\/\/www.portofpitea.se\/en\/wp-json\/wp\/v2\/pages"}],"about":[{"href":"https:\/\/www.portofpitea.se\/en\/wp-json\/wp\/v2\/types\/page"}],"author":[{"embeddable":true,"href":"https:\/\/www.portofpitea.se\/en\/wp-json\/wp\/v2\/users\/1"}],"replies":[{"embeddable":true,"href":"https:\/\/www.portofpitea.se\/en\/wp-json\/wp\/v2\/comments?post=1202"}],"version-history":[{"count":0,"href":"https:\/\/www.portofpitea.se\/en\/wp-json\/wp\/v2\/pages\/1202\/revisions"}],"up":[{"embeddable":true,"href":"https:\/\/www.portofpitea.se\/en\/wp-json\/wp\/v2\/pages\/260"}],"wp:attachment":[{"href":"https:\/\/www.portofpitea.se\/en\/wp-json\/wp\/v2\/media?parent=1202"}],"curies":[{"name":"wp","href":"https:\/\/api.w.org\/{rel}","templated":true}]}}